{"id":1225,"date":"2025-07-30T14:15:38","date_gmt":"2025-07-30T12:15:38","guid":{"rendered":"https:\/\/staffcomplete.com\/staff-complete-warum-wir\/"},"modified":"2025-09-19T03:03:26","modified_gmt":"2025-09-19T01:03:26","slug":"staff-complete-warum-wir","status":"publish","type":"page","link":"https:\/\/staffcomplete.com\/de\/staff-complete-warum-wir\/","title":{"rendered":"Staff Complete \u2013 Warum wir?"},"content":{"rendered":"[vc_row type=&#8220;in_container&#8220; full_screen_row_position=&#8220;middle&#8220; column_margin=&#8220;default&#8220; column_direction=&#8220;default&#8220; column_direction_tablet=&#8220;default&#8220; column_direction_phone=&#8220;default&#8220; bg_color=&#8220;#dbccad&#8220; scene_position=&#8220;center&#8220; top_padding=&#8220;20&#8243; bottom_padding=&#8220;20&#8243; left_padding_desktop=&#8220;20&#8243; right_padding_desktop=&#8220;20&#8243; top_margin=&#8220;20px&#8220; constrain_group_7=&#8220;yes&#8220; bottom_margin=&#8220;20px&#8220; text_color=&#8220;custom&#8220; custom_text_color=&#8220;#4e2a19&#8243; text_align=&#8220;left&#8220; row_border_radius=&#8220;custom&#8220; row_border_radius_applies=&#8220;bg&#8220; top_left_border_radius=&#8220;25&#8243; top_right_border_radius=&#8220;25&#8243; bottom_right_border_radius=&#8220;25&#8243; bottom_left_border_radius=&#8220;25&#8243; zindex=&#8220;1000&#8243; overflow=&#8220;visible&#8220; overlay_strength=&#8220;0.3&#8243; gradient_direction=&#8220;left_to_right&#8220; shape_divider_position=&#8220;bottom&#8220; bg_image_animation=&#8220;none&#8220; gradient_type=&#8220;default&#8220; shape_type=&#8220;&#8220;][vc_column top_padding_desktop=&#8220;30&#8243; constrain_group_100=&#8220;yes&#8220; bottom_padding_desktop=&#8220;30&#8243; left_padding_desktop=&#8220;30&#8243; constrain_group_101=&#8220;yes&#8220; right_padding_desktop=&#8220;30&#8243; column_element_direction_desktop=&#8220;default&#8220; column_element_spacing=&#8220;20px&#8220; desktop_text_alignment=&#8220;default&#8220; tablet_text_alignment=&#8220;default&#8220; phone_text_alignment=&#8220;default&#8220; background_color_opacity=&#8220;1&#8243; background_hover_color_opacity=&#8220;1&#8243; column_backdrop_filter=&#8220;none&#8220; column_shadow=&#8220;none&#8220; column_border_radius=&#8220;20px&#8220; column_link_target=&#8220;_self&#8220; column_position=&#8220;default&#8220; gradient_direction=&#8220;left_to_right&#8220; overlay_strength=&#8220;0.3&#8243; width=&#8220;1\/1&#8243; tablet_width_inherit=&#8220;default&#8220; animation_type=&#8220;default&#8220; bg_image_animation=&#8220;none&#8220; border_type=&#8220;simple&#8220; column_border_width=&#8220;4px&#8220; column_border_style=&#8220;solid&#8220; column_padding_type=&#8220;advanced&#8220; gradient_type=&#8220;default&#8220;][vc_row_inner column_margin=&#8220;default&#8220; column_direction=&#8220;default&#8220; column_direction_tablet=&#8220;default&#8220; column_direction_phone=&#8220;default&#8220; text_align=&#8220;left&#8220; row_position=&#8220;default&#8220; row_position_tablet=&#8220;inherit&#8220; row_position_phone=&#8220;inherit&#8220; overflow=&#8220;visible&#8220; pointer_events=&#8220;all&#8220;][vc_column_inner column_padding=&#8220;no-extra-padding&#8220; column_padding_tablet=&#8220;inherit&#8220; column_padding_phone=&#8220;inherit&#8220; column_padding_position=&#8220;all&#8220; column_element_direction_desktop=&#8220;horizontal&#8220; column_element_direction_tablet=&#8220;horizontal&#8220; column_element_direction_phone=&#8220;horizontal&#8220; column_element_alignment=&#8220;center&#8220; column_element_spacing=&#8220;10px&#8220; desktop_text_alignment=&#8220;center&#8220; tablet_text_alignment=&#8220;default&#8220; phone_text_alignment=&#8220;default&#8220; background_color_opacity=&#8220;1&#8243; background_hover_color_opacity=&#8220;1&#8243; column_backdrop_filter=&#8220;none&#8220; column_shadow=&#8220;none&#8220; column_border_radius=&#8220;none&#8220; column_link_target=&#8220;_self&#8220; overflow=&#8220;visible&#8220; gradient_direction=&#8220;left_to_right&#8220; overlay_strength=&#8220;0.3&#8243; width=&#8220;1\/4&#8243; tablet_width_inherit=&#8220;default&#8220; animation_type=&#8220;default&#8220; bg_image_animation=&#8220;none&#8220; border_type=&#8220;simple&#8220; column_border_width=&#8220;none&#8220; column_border_style=&#8220;solid&#8220; column_padding_type=&#8220;default&#8220; gradient_type=&#8220;default&#8220;][\/vc_column_inner][vc_column_inner column_padding=&#8220;no-extra-padding&#8220; column_padding_tablet=&#8220;inherit&#8220; column_padding_phone=&#8220;inherit&#8220; column_padding_position=&#8220;all&#8220; column_element_direction_desktop=&#8220;default&#8220; column_element_spacing=&#8220;default&#8220; centered_text=&#8220;true&#8220; desktop_text_alignment=&#8220;center&#8220; tablet_text_alignment=&#8220;default&#8220; phone_text_alignment=&#8220;default&#8220; background_color_opacity=&#8220;1&#8243; background_hover_color_opacity=&#8220;1&#8243; column_backdrop_filter=&#8220;none&#8220; column_shadow=&#8220;none&#8220; column_border_radius=&#8220;none&#8220; column_link_target=&#8220;_self&#8220; overflow=&#8220;visible&#8220; gradient_direction=&#8220;left_to_right&#8220; overlay_strength=&#8220;0.3&#8243; width=&#8220;1\/2&#8243; tablet_width_inherit=&#8220;default&#8220; animation_type=&#8220;default&#8220; bg_image_animation=&#8220;none&#8220; border_type=&#8220;simple&#8220; column_border_width=&#8220;none&#8220; column_border_style=&#8220;solid&#8220; column_padding_type=&#8220;default&#8220; gradient_type=&#8220;default&#8220; offset=&#8220;vc_hidden-md vc_hidden-sm vc_hidden-xs&#8220;][split_line_heading animation_type=&#8220;line-reveal-by-space&#8220; font_style=&#8220;h1&#8243; fit_text_to_container=&#8220;true&#8220; line_reveal_by_space_text_effect=&#8220;none&#8220; content_alignment=&#8220;default&#8220; mobile_content_alignment=&#8220;inherit&#8220; link_target=&#8220;_self&#8220; text_content=&#8220;Warum wir?&#8220; text_direction=&#8220;default&#8220;][\/split_line_heading][\/vc_column_inner][vc_column_inner column_padding=&#8220;no-extra-padding&#8220; column_padding_tablet=&#8220;inherit&#8220; column_padding_phone=&#8220;inherit&#8220; column_padding_position=&#8220;all&#8220; column_element_direction_desktop=&#8220;default&#8220; column_element_spacing=&#8220;default&#8220; desktop_text_alignment=&#8220;default&#8220; tablet_text_alignment=&#8220;default&#8220; phone_text_alignment=&#8220;default&#8220; background_color_opacity=&#8220;1&#8243; background_hover_color_opacity=&#8220;1&#8243; column_backdrop_filter=&#8220;none&#8220; column_shadow=&#8220;none&#8220; column_border_radius=&#8220;none&#8220; column_link_target=&#8220;_self&#8220; overflow=&#8220;visible&#8220; gradient_direction=&#8220;left_to_right&#8220; overlay_strength=&#8220;0.3&#8243; width=&#8220;1\/4&#8243; tablet_width_inherit=&#8220;default&#8220; animation_type=&#8220;default&#8220; bg_image_animation=&#8220;none&#8220; border_type=&#8220;simple&#8220; column_border_width=&#8220;none&#8220; column_border_style=&#8220;solid&#8220;][\/vc_column_inner][\/vc_row_inner][vc_row_inner column_margin=&#8220;default&#8220; column_direction=&#8220;default&#8220; column_direction_tablet=&#8220;default&#8220; column_direction_phone=&#8220;default&#8220; text_align=&#8220;left&#8220; row_position=&#8220;default&#8220; row_position_tablet=&#8220;inherit&#8220; row_position_phone=&#8220;inherit&#8220; overflow=&#8220;visible&#8220; pointer_events=&#8220;all&#8220;][vc_column_inner column_padding=&#8220;no-extra-padding&#8220; column_padding_tablet=&#8220;inherit&#8220; column_padding_phone=&#8220;inherit&#8220; column_padding_position=&#8220;all&#8220; column_element_direction_desktop=&#8220;horizontal&#8220; column_element_direction_tablet=&#8220;horizontal&#8220; column_element_direction_phone=&#8220;horizontal&#8220; column_element_alignment=&#8220;center&#8220; column_element_spacing=&#8220;10px&#8220; desktop_text_alignment=&#8220;center&#8220; tablet_text_alignment=&#8220;default&#8220; phone_text_alignment=&#8220;default&#8220; background_color_opacity=&#8220;1&#8243; background_hover_color_opacity=&#8220;1&#8243; column_backdrop_filter=&#8220;none&#8220; column_shadow=&#8220;none&#8220; column_border_radius=&#8220;none&#8220; column_link_target=&#8220;_self&#8220; overflow=&#8220;visible&#8220; gradient_direction=&#8220;left_to_right&#8220; overlay_strength=&#8220;0.3&#8243; width=&#8220;1\/4&#8243; tablet_width_inherit=&#8220;default&#8220; animation_type=&#8220;default&#8220; bg_image_animation=&#8220;none&#8220; border_type=&#8220;simple&#8220; column_border_width=&#8220;none&#8220; column_border_style=&#8220;solid&#8220; column_padding_type=&#8220;default&#8220; gradient_type=&#8220;default&#8220;][\/vc_column_inner][vc_column_inner column_padding=&#8220;no-extra-padding&#8220; column_padding_tablet=&#8220;inherit&#8220; column_padding_phone=&#8220;inherit&#8220; column_padding_position=&#8220;all&#8220; column_element_direction_desktop=&#8220;default&#8220; column_element_spacing=&#8220;default&#8220; centered_text=&#8220;true&#8220; desktop_text_alignment=&#8220;center&#8220; tablet_text_alignment=&#8220;default&#8220; phone_text_alignment=&#8220;default&#8220; background_color_opacity=&#8220;1&#8243; background_hover_color_opacity=&#8220;1&#8243; column_backdrop_filter=&#8220;none&#8220; column_shadow=&#8220;none&#8220; column_border_radius=&#8220;none&#8220; column_link_target=&#8220;_self&#8220; overflow=&#8220;visible&#8220; gradient_direction=&#8220;left_to_right&#8220; overlay_strength=&#8220;0.3&#8243; width=&#8220;1\/2&#8243; tablet_width_inherit=&#8220;default&#8220; animation_type=&#8220;default&#8220; bg_image_animation=&#8220;none&#8220; border_type=&#8220;simple&#8220; column_border_width=&#8220;none&#8220; column_border_style=&#8220;solid&#8220; column_padding_type=&#8220;default&#8220; gradient_type=&#8220;default&#8220; offset=&#8220;vc_hidden-lg&#8220;][split_line_heading animation_type=&#8220;line-reveal-by-space&#8220; font_style=&#8220;h2&#8243; fit_text_to_container=&#8220;true&#8220; line_reveal_by_space_text_effect=&#8220;none&#8220; content_alignment=&#8220;default&#8220; mobile_content_alignment=&#8220;inherit&#8220; link_target=&#8220;_self&#8220; text_content=&#8220;Warum wir?&#8220; text_direction=&#8220;default&#8220;][\/split_line_heading][\/vc_column_inner][vc_column_inner column_padding=&#8220;no-extra-padding&#8220; column_padding_tablet=&#8220;inherit&#8220; column_padding_phone=&#8220;inherit&#8220; column_padding_position=&#8220;all&#8220; column_element_direction_desktop=&#8220;default&#8220; column_element_spacing=&#8220;default&#8220; desktop_text_alignment=&#8220;default&#8220; tablet_text_alignment=&#8220;default&#8220; phone_text_alignment=&#8220;default&#8220; background_color_opacity=&#8220;1&#8243; background_hover_color_opacity=&#8220;1&#8243; column_backdrop_filter=&#8220;none&#8220; column_shadow=&#8220;none&#8220; column_border_radius=&#8220;none&#8220; column_link_target=&#8220;_self&#8220; overflow=&#8220;visible&#8220; gradient_direction=&#8220;left_to_right&#8220; overlay_strength=&#8220;0.3&#8243; width=&#8220;1\/4&#8243; tablet_width_inherit=&#8220;default&#8220; animation_type=&#8220;default&#8220; bg_image_animation=&#8220;none&#8220; border_type=&#8220;simple&#8220; column_border_width=&#8220;none&#8220; column_border_style=&#8220;solid&#8220;][\/vc_column_inner][\/vc_row_inner][carousel script=&#8220;owl_carousel&#8220; desktop_cols=&#8220;3&#8243; desktop_small_cols=&#8220;1&#8243; tablet_cols=&#8220;1&#8243; mobile_cols=&#8220;1&#8243; column_padding=&#8220;0&#8243; loop=&#8220;true&#8220; autorotate=&#8220;true&#8220; autorotate_type=&#8220;default&#8220;][item simple_slider_bg_image_position=&#8220;default&#8220; simple_slider_overlay_strength=&#8220;0.3&#8243; simple_slider_bg_image_loading=&#8220;default&#8220; id=&#8220;1755908953070-8&#8243; title=&#8220;Item&#8220; tab_id=&#8220;1755908953071-10&#8243;][fancy_box box_style=&#8220;color_box_hover&#8220; icon_family=&#8220;iconsmind&#8220; image_url=&#8220;638&#8243; color=&#8220;extra-color-3&#8243; color_box_hover_overlay_opacity=&#8220;default&#8220; box_alignment=&#8220;left&#8220; enable_border=&#8220;true&#8220; border_radius=&#8220;10px&#8220; image_loading=&#8220;lazy-load&#8220; color_scheme=&#8220;dark&#8220; secondary_content=&#8220;here&#8217;s some awesome text that would only be shown on hover&#8220; icon_iconsmind=&#8220;iconsmind-Layer-1532&#8243; min_height=&#8220;550&#8243;]\n<h3>Wir handeln schnell und konkret<\/h3>\n<p>Wir wissen, dass Zeit eine entscheidende Ressource ist, deshalb ziehen wir Prozesse nicht in die L\u00e4nge. Wir analysieren effizient die Bed\u00fcrfnisse, pr\u00e4sentieren schnell passende Kandidaten und schlie\u00dfen Rekrutierungen erfolgreich ab. Ohne unn\u00f6tige Formalit\u00e4ten, mit vollem Engagement.[\/fancy_box][\/item][item simple_slider_bg_image_position=&#8220;default&#8220; simple_slider_overlay_strength=&#8220;0.3&#8243; simple_slider_bg_image_loading=&#8220;default&#8220; id=&#8220;1755908953106-8&#8243; title=&#8220;Item&#8220; tab_id=&#8220;1755908953107-5&#8243;][fancy_box box_style=&#8220;color_box_hover&#8220; icon_family=&#8220;iconsmind&#8220; image_url=&#8220;639&#8243; color=&#8220;extra-color-3&#8243; color_box_hover_overlay_opacity=&#8220;default&#8220; box_alignment=&#8220;left&#8220; enable_border=&#8220;true&#8220; border_radius=&#8220;10px&#8220; image_loading=&#8220;lazy-load&#8220; color_scheme=&#8220;dark&#8220; secondary_content=&#8220;here&#8217;s some awesome text that would only be shown on hover&#8220; icon_iconsmind=&#8220;iconsmind-Affiliate&#8220; min_height=&#8220;550&#8243;]\n<h3>Wir kennen die Arbeitsbedingungen in den Niederlanden<\/h3>\n<p>Seit Jahren arbeiten wir mit niederl\u00e4ndischen Unternehmen und Kandidaten zusammen, die ins Ausland gehen. Wir verstehen die lokalen Anforderungen, Verfahren und Erwartungen, deshalb rekrutieren wir effektiv und ohne Missverst\u00e4ndnisse.[\/fancy_box][\/item][item simple_slider_bg_image_position=&#8220;default&#8220; simple_slider_overlay_strength=&#8220;0.3&#8243; simple_slider_bg_image_loading=&#8220;default&#8220; id=&#8220;1755908953142-4&#8243; title=&#8220;Item&#8220; tab_id=&#8220;1755908953143-9&#8243;][fancy_box box_style=&#8220;color_box_hover&#8220; icon_family=&#8220;iconsmind&#8220; image_url=&#8220;642&#8243; color=&#8220;extra-color-3&#8243; color_box_hover_overlay_opacity=&#8220;default&#8220; box_alignment=&#8220;left&#8220; enable_border=&#8220;true&#8220; border_radius=&#8220;10px&#8220; image_loading=&#8220;lazy-load&#8220; color_scheme=&#8220;dark&#8220; secondary_content=&#8220;&#8220; icon_iconsmind=&#8220;iconsmind-Consulting&#8220; min_height=&#8220;550&#8243;]\n<h3>Wir k\u00fcmmern uns um die Kommunikation mit Ihnen und dem Kandidaten<\/h3>\n<p>Regelm\u00e4\u00dfiger Kontakt, klare Informationen und schnelle Reaktion sind unser Standard. Dadurch wissen beide Seiten, Sie und der Kandidat, genau, in welchem Stadium sich der Prozess befindet und was zu erwarten ist.[\/fancy_box][\/item][item simple_slider_bg_image_position=&#8220;default&#8220; simple_slider_overlay_strength=&#8220;0.3&#8243; simple_slider_bg_image_loading=&#8220;default&#8220; id=&#8220;1755908953174-6&#8243; title=&#8220;Item&#8220; tab_id=&#8220;1755908953175-0&#8243;][fancy_box box_style=&#8220;color_box_hover&#8220; icon_family=&#8220;iconsmind&#8220; image_url=&#8220;640&#8243; color=&#8220;extra-color-3&#8243; color_box_hover_overlay_opacity=&#8220;default&#8220; box_alignment=&#8220;left&#8220; enable_border=&#8220;true&#8220; border_radius=&#8220;10px&#8220; image_loading=&#8220;lazy-load&#8220; color_scheme=&#8220;dark&#8220; secondary_content=&#8220;here&#8217;s some awesome text that would only be shown on hover&#8220; icon_iconsmind=&#8220;iconsmind-Upload-Window&#8220; min_height=&#8220;550&#8243;]\n<h3>Wir berichten regelm\u00e4\u00dfig \u00fcber den Fortschritt der Rekrutierung<\/h3>\n<p>Wir informieren Sie laufend \u00fcber die Ergebnisse unserer Aktivit\u00e4ten: wie viele Kandidaten rekrutiert wurden, wie viele sich im Prozess befinden und in welchem Stadium sie sich befinden. Sie haben die volle Kontrolle und ein aktuelles Bild der Situation.[\/fancy_box][\/item][item simple_slider_bg_image_position=&#8220;default&#8220; simple_slider_overlay_strength=&#8220;0.3&#8243; simple_slider_bg_image_loading=&#8220;default&#8220; id=&#8220;1755908953205-0&#8243; title=&#8220;Item&#8220; tab_id=&#8220;1755908953206-7&#8243;][fancy_box box_style=&#8220;color_box_hover&#8220; icon_family=&#8220;iconsmind&#8220; image_url=&#8220;641&#8243; color=&#8220;extra-color-3&#8243; color_box_hover_overlay_opacity=&#8220;default&#8220; box_alignment=&#8220;left&#8220; enable_border=&#8220;true&#8220; border_radius=&#8220;10px&#8220; image_loading=&#8220;lazy-load&#8220; color_scheme=&#8220;dark&#8220; secondary_content=&#8220;here&#8217;s some awesome text that would only be shown on hover&#8220; icon_iconsmind=&#8220;iconsmind-Crown-2&#8243; min_height=&#8220;550&#8243;]\n<h3>Wir betreuen auch gr\u00f6\u00dfere Projekte<\/h3>\n<p>Wir haben Erfahrung in der Durchf\u00fchrung von Rekrutierungen in gr\u00f6\u00dferem Umfang, von einigen bis zu mehreren Dutzend Mitarbeitern. Dank bew\u00e4hrter Verfahren und eines Teams von Personalvermittlern sind wir in der Lage, schnell und effektiv auf die Bed\u00fcrfnisse gr\u00f6\u00dferer Unternehmen zu reagieren.[\/fancy_box][\/item][\/carousel][\/vc_column][\/vc_row]\n","protected":false},"excerpt":{"rendered":"<p>[vc_row type=&#8220;in_container&#8220; full_screen_row_position=&#8220;middle&#8220; column_margin=&#8220;default&#8220; column_direction=&#8220;default&#8220; column_direction_tablet=&#8220;default&#8220; column_direction_phone=&#8220;default&#8220; bg_color=&#8220;#dbccad&#8220; scene_position=&#8220;center&#8220; top_padding=&#8220;20&#8243; bottom_padding=&#8220;20&#8243; left_padding_desktop=&#8220;20&#8243; right_padding_desktop=&#8220;20&#8243; top_margin=&#8220;20px&#8220; constrain_group_7=&#8220;yes&#8220; bottom_margin=&#8220;20px&#8220; text_color=&#8220;custom&#8220; custom_text_color=&#8220;#4e2a19&#8243; text_align=&#8220;left&#8220; row_border_radius=&#8220;custom&#8220; row_border_radius_applies=&#8220;bg&#8220; top_left_border_radius=&#8220;25&#8243; top_right_border_radius=&#8220;25&#8243; bottom_right_border_radius=&#8220;25&#8243; bottom_left_border_radius=&#8220;25&#8243; zindex=&#8220;1000&#8243; overflow=&#8220;visible&#8220; overlay_strength=&#8220;0.3&#8243; gradient_direction=&#8220;left_to_right&#8220; shape_divider_position=&#8220;bottom&#8220;&#8230;<\/p>\n","protected":false},"author":1,"featured_media":0,"parent":0,"menu_order":0,"comment_status":"closed","ping_status":"closed","template":"","meta":{"footnotes":""},"class_list":["post-1225","page","type-page","status-publish"],"_links":{"self":[{"href":"https:\/\/staffcomplete.com\/de\/wp-json\/wp\/v2\/pages\/1225","targetHints":{"allow":["GET"]}}],"collection":[{"href":"https:\/\/staffcomplete.com\/de\/wp-json\/wp\/v2\/pages"}],"about":[{"href":"https:\/\/staffcomplete.com\/de\/wp-json\/wp\/v2\/types\/page"}],"author":[{"embeddable":true,"href":"https:\/\/staffcomplete.com\/de\/wp-json\/wp\/v2\/users\/1"}],"replies":[{"embeddable":true,"href":"https:\/\/staffcomplete.com\/de\/wp-json\/wp\/v2\/comments?post=1225"}],"version-history":[{"count":1,"href":"https:\/\/staffcomplete.com\/de\/wp-json\/wp\/v2\/pages\/1225\/revisions"}],"predecessor-version":[{"id":1232,"href":"https:\/\/staffcomplete.com\/de\/wp-json\/wp\/v2\/pages\/1225\/revisions\/1232"}],"wp:attachment":[{"href":"https:\/\/staffcomplete.com\/de\/wp-json\/wp\/v2\/media?parent=1225"}],"curies":[{"name":"wp","href":"https:\/\/api.w.org\/{rel}","templated":true}]}}